{"id":8,"date":"2020-06-23T15:13:45","date_gmt":"2020-06-23T18:13:45","guid":{"rendered":"http:\/\/www.buba.work\/?page_id=8"},"modified":"2022-12-28T23:16:24","modified_gmt":"2022-12-28T23:16:24","slug":"about","status":"publish","type":"page","link":"https:\/\/www.buba.work\/es\/about\/","title":{"rendered":"about"},"content":{"rendered":"\n<p class=\"intro\">Hola, soy B\u00e1rbara Urrutia-Urrutia, Dise\u00f1adora en Comunicaci\u00f3n Visual y Docente universitaria. Me gusta la tipograf\u00eda, el dise\u00f1o editorial y la visualizaci\u00f3n de datos. Creo en el <u>lenguaje.<\/u><\/p>\n\n\n\n<figure class=\"wp-block-image size-full wp-duotone-default\"><img loading=\"lazy\" decoding=\"async\" width=\"1920\" height=\"1585\" src=\"https:\/\/www.buba.work\/wp-content\/uploads\/2020\/06\/about.jpg\" alt=\"\" class=\"wp-image-41\" srcset=\"https:\/\/www.buba.work\/wp-content\/uploads\/2020\/06\/about.jpg 1920w, https:\/\/www.buba.work\/wp-content\/uploads\/2020\/06\/about-300x248.jpg 300w, https:\/\/www.buba.work\/wp-content\/uploads\/2020\/06\/about-1024x845.jpg 1024w, https:\/\/www.buba.work\/wp-content\/uploads\/2020\/06\/about-768x634.jpg 768w, https:\/\/www.buba.work\/wp-content\/uploads\/2020\/06\/about-1536x1268.jpg 1536w\" sizes=\"auto, (max-width: 1920px) 100vw, 1920px\" \/><\/figure>\n\n\n\n<hr class=\"wp-block-separator has-css-opacity is-style-wide\"\/>\n\n\n\n[three_columns_one]\n\n<h4>EDUCACI\u00d3N<\/h4>\nPh.D. Dise\u00f1o <a href=\"https:\/\/ahc.leeds.ac.uk\/design-5\/doc\/visual-communication-research-group\" target=\"_blank\" rel=\"noopener\">U. of Leeds<\/a><br> \nVisualizaci\u00f3n de Datos\n<a href=\"http:\/\/www.buba.work\/wp-content\/uploads\/2022\/10\/cpe-certificate-brochures-infographics.pdf\" target=\"_blank\" rel=\"noopener\">The New School<\/a><br>\nDiploma en Tipograf\u00eda Digital <a href=\"https:\/\/www.uchile.cl\/cursos\/89154\/diploma-de-extension-tipografia-digital-2013\" target=\"_blank\" rel=\"noopener\">UCH<\/a><br>\nDiploma  Dise\u00f1o Editorial <a href=\"https:\/\/www.uchile.cl\/cursos\/78084\/diploma-de-postitulo-en-diseno-editorial\" target=\"_blank\" rel=\"noopener\">UCH<\/a><br>\nDise\u00f1o en Com. Visual, <a href=\"https:\/\/diseno.utem.cl\/\" target=\"_blank\" rel=\"noopener\">UTEM<\/a><br>\n\n\u2014<br>\n[\/three_columns_one]\n\n[three_columns_one]\n<h4>DOCENCIA<\/h4>\nUTEM <br>\nTipograf\u00eda I y II <br>\nTaller de 1er a\u00f1o <br>\n\u23af<br>\nARCOS<br>\nDise\u00f1o Editorial<br>\nTipograf\u00eda y Lettering<br>\nVisualizaci\u00f3n de la informaci\u00f3n<br>\n\u23af<br>\nAIEP<br>\nDise\u00f1o de la Informaci\u00f3n<br>\nTaller de Tipograf\u00eda<br>\n[\/three_columns_one]\n\n[three_columns_one_last]\n\n<h4>TRABAJO<\/h4>\n<a href=\"http:\/\/ciervo.cl\/\" target=\"_blank\" rel=\"noopener\">Ciervo<\/a> &#8211; Oficina de Dise\u00f1o<br>\n<a href=\"https:\/\/www.instagram.com\/latipografianomuerde\/\" target=\"_blank\" rel=\"noopener\">LTNM<\/a> &#8211; C\u00e1tedra de Tipograf\u00eda UTEM<br>\n\n\n<h4>OTROS<\/h4>\n<a href=\"https:\/\/www.linkedin.com\/in\/barbaraurrutiabadilla\/\" target=\"_blank\" rel=\"noopener\">Linkedin<\/a><br>\n<a href=\"https:\/\/twitter.com\/barbaraurrutiab\" target=\"_blank\" rel=\"noopener\">Twitter<\/a><br>\n<a href=\"https:\/\/www.flickr.com\/photos\/barbarabub\" target=\"_blank\" rel=\"noopener\">Flickr<\/a> &#8211; portadas, Mauricio Amster<br>\n<br>\n<a href=\"https:\/\/www.instagram.com\/barbarabub\" target=\"_blank\" rel=\"noopener\">Instagram<\/a> &#8211; algo de inspiraci\u00f3n<br>\n\n\n\n[\/three_columns_one_last]\n","protected":false},"excerpt":{"rendered":"<p>Hola, soy B\u00e1rbara Urrutia-Urrutia, Dise\u00f1adora en Comunicaci\u00f3n Visual y Docente universitaria. Me gusta la tipograf\u00eda, el dise\u00f1o editorial y la visualizaci\u00f3n de datos. Creo en el lenguaje. [three_columns_one] EDUCACI\u00d3N Ph.D. Dise\u00f1o U. of Leeds Visualizaci\u00f3n de Datos The New School Diploma en Tipograf\u00eda Digital UCH Diploma Dise\u00f1o Editorial UCH Dise\u00f1o en Com. Visual, UTEM \u2014 [&hellip;]<\/p>\n","protected":false},"author":1,"featured_media":41,"parent":0,"menu_order":0,"comment_status":"closed","ping_status":"closed","template":"page-templates\/about-page.php","meta":{"footnotes":""},"class_list":["post-8","page","type-page","status-publish","has-post-thumbnail","hentry"],"yoast_head":"<!-- This site is optimized with the Yoast SEO plugin v24.2 - https:\/\/yoast.com\/wordpress\/plugins\/seo\/ -->\n<title>about - Barbara Urrutia-Badilla<\/title>\n<meta name=\"robots\" content=\"index, follow, max-snippet:-1, max-image-preview:large, max-video-preview:-1\" \/>\n<link rel=\"canonical\" href=\"https:\/\/www.buba.work\/es\/about\/\" \/>\n<meta property=\"og:locale\" content=\"es_ES\" \/>\n<meta property=\"og:type\" content=\"article\" \/>\n<meta property=\"og:title\" content=\"about - Barbara Urrutia-Badilla\" \/>\n<meta property=\"og:description\" content=\"Hola, soy B\u00e1rbara Urrutia-Urrutia, Dise\u00f1adora en Comunicaci\u00f3n Visual y Docente universitaria. Me gusta la tipograf\u00eda, el dise\u00f1o editorial y la visualizaci\u00f3n de datos. Creo en el lenguaje. [three_columns_one] EDUCACI\u00d3N Ph.D. Dise\u00f1o U. of Leeds Visualizaci\u00f3n de Datos The New School Diploma en Tipograf\u00eda Digital UCH Diploma Dise\u00f1o Editorial UCH Dise\u00f1o en Com. Visual, UTEM \u2014 [&hellip;]\" \/>\n<meta property=\"og:url\" content=\"https:\/\/www.buba.work\/es\/about\/\" \/>\n<meta property=\"og:site_name\" content=\"Barbara Urrutia-Badilla\" \/>\n<meta property=\"article:modified_time\" content=\"2022-12-28T23:16:24+00:00\" \/>\n<meta property=\"og:image\" content=\"http:\/\/www.buba.work\/wp-content\/uploads\/2020\/06\/about.jpg\" \/>\n\t<meta property=\"og:image:width\" content=\"1920\" \/>\n\t<meta property=\"og:image:height\" content=\"1585\" \/>\n\t<meta property=\"og:image:type\" content=\"image\/jpeg\" \/>\n<meta name=\"twitter:card\" content=\"summary_large_image\" \/>\n<meta name=\"twitter:label1\" content=\"Tiempo de lectura\" \/>\n\t<meta name=\"twitter:data1\" content=\"1 minuto\" \/>\n<script type=\"application\/ld+json\" class=\"yoast-schema-graph\">{\"@context\":\"https:\/\/schema.org\",\"@graph\":[{\"@type\":\"WebPage\",\"@id\":\"https:\/\/www.buba.work\/es\/about\/\",\"url\":\"https:\/\/www.buba.work\/es\/about\/\",\"name\":\"about - Barbara Urrutia-Badilla\",\"isPartOf\":{\"@id\":\"https:\/\/www.buba.work\/es\/#website\"},\"primaryImageOfPage\":{\"@id\":\"https:\/\/www.buba.work\/es\/about\/#primaryimage\"},\"image\":{\"@id\":\"https:\/\/www.buba.work\/es\/about\/#primaryimage\"},\"thumbnailUrl\":\"https:\/\/www.buba.work\/wp-content\/uploads\/2020\/06\/about.jpg\",\"datePublished\":\"2020-06-23T18:13:45+00:00\",\"dateModified\":\"2022-12-28T23:16:24+00:00\",\"breadcrumb\":{\"@id\":\"https:\/\/www.buba.work\/es\/about\/#breadcrumb\"},\"inLanguage\":\"es\",\"potentialAction\":[{\"@type\":\"ReadAction\",\"target\":[\"https:\/\/www.buba.work\/es\/about\/\"]}]},{\"@type\":\"ImageObject\",\"inLanguage\":\"es\",\"@id\":\"https:\/\/www.buba.work\/es\/about\/#primaryimage\",\"url\":\"https:\/\/www.buba.work\/wp-content\/uploads\/2020\/06\/about.jpg\",\"contentUrl\":\"https:\/\/www.buba.work\/wp-content\/uploads\/2020\/06\/about.jpg\",\"width\":1920,\"height\":1585},{\"@type\":\"BreadcrumbList\",\"@id\":\"https:\/\/www.buba.work\/es\/about\/#breadcrumb\",\"itemListElement\":[{\"@type\":\"ListItem\",\"position\":1,\"name\":\"Home\",\"item\":\"https:\/\/www.buba.work\/es\/\"},{\"@type\":\"ListItem\",\"position\":2,\"name\":\"about\"}]},{\"@type\":\"WebSite\",\"@id\":\"https:\/\/www.buba.work\/es\/#website\",\"url\":\"https:\/\/www.buba.work\/es\/\",\"name\":\"Barbara Urrutia-Badilla\",\"description\":\"Designer and PhD student\",\"potentialAction\":[{\"@type\":\"SearchAction\",\"target\":{\"@type\":\"EntryPoint\",\"urlTemplate\":\"https:\/\/www.buba.work\/es\/?s={search_term_string}\"},\"query-input\":{\"@type\":\"PropertyValueSpecification\",\"valueRequired\":true,\"valueName\":\"search_term_string\"}}],\"inLanguage\":\"es\"}]}<\/script>\n<!-- \/ Yoast SEO plugin. -->","yoast_head_json":{"title":"about - Barbara Urrutia-Badilla","robots":{"index":"index","follow":"follow","max-snippet":"max-snippet:-1","max-image-preview":"max-image-preview:large","max-video-preview":"max-video-preview:-1"},"canonical":"https:\/\/www.buba.work\/es\/about\/","og_locale":"es_ES","og_type":"article","og_title":"about - Barbara Urrutia-Badilla","og_description":"Hola, soy B\u00e1rbara Urrutia-Urrutia, Dise\u00f1adora en Comunicaci\u00f3n Visual y Docente universitaria. Me gusta la tipograf\u00eda, el dise\u00f1o editorial y la visualizaci\u00f3n de datos. Creo en el lenguaje. [three_columns_one] EDUCACI\u00d3N Ph.D. Dise\u00f1o U. of Leeds Visualizaci\u00f3n de Datos The New School Diploma en Tipograf\u00eda Digital UCH Diploma Dise\u00f1o Editorial UCH Dise\u00f1o en Com. Visual, UTEM \u2014 [&hellip;]","og_url":"https:\/\/www.buba.work\/es\/about\/","og_site_name":"Barbara Urrutia-Badilla","article_modified_time":"2022-12-28T23:16:24+00:00","og_image":[{"width":1920,"height":1585,"url":"http:\/\/www.buba.work\/wp-content\/uploads\/2020\/06\/about.jpg","type":"image\/jpeg"}],"twitter_card":"summary_large_image","twitter_misc":{"Tiempo de lectura":"1 minuto"},"schema":{"@context":"https:\/\/schema.org","@graph":[{"@type":"WebPage","@id":"https:\/\/www.buba.work\/es\/about\/","url":"https:\/\/www.buba.work\/es\/about\/","name":"about - Barbara Urrutia-Badilla","isPartOf":{"@id":"https:\/\/www.buba.work\/es\/#website"},"primaryImageOfPage":{"@id":"https:\/\/www.buba.work\/es\/about\/#primaryimage"},"image":{"@id":"https:\/\/www.buba.work\/es\/about\/#primaryimage"},"thumbnailUrl":"https:\/\/www.buba.work\/wp-content\/uploads\/2020\/06\/about.jpg","datePublished":"2020-06-23T18:13:45+00:00","dateModified":"2022-12-28T23:16:24+00:00","breadcrumb":{"@id":"https:\/\/www.buba.work\/es\/about\/#breadcrumb"},"inLanguage":"es","potentialAction":[{"@type":"ReadAction","target":["https:\/\/www.buba.work\/es\/about\/"]}]},{"@type":"ImageObject","inLanguage":"es","@id":"https:\/\/www.buba.work\/es\/about\/#primaryimage","url":"https:\/\/www.buba.work\/wp-content\/uploads\/2020\/06\/about.jpg","contentUrl":"https:\/\/www.buba.work\/wp-content\/uploads\/2020\/06\/about.jpg","width":1920,"height":1585},{"@type":"BreadcrumbList","@id":"https:\/\/www.buba.work\/es\/about\/#breadcrumb","itemListElement":[{"@type":"ListItem","position":1,"name":"Home","item":"https:\/\/www.buba.work\/es\/"},{"@type":"ListItem","position":2,"name":"about"}]},{"@type":"WebSite","@id":"https:\/\/www.buba.work\/es\/#website","url":"https:\/\/www.buba.work\/es\/","name":"Barbara Urrutia-Badilla","description":"Designer and PhD student","potentialAction":[{"@type":"SearchAction","target":{"@type":"EntryPoint","urlTemplate":"https:\/\/www.buba.work\/es\/?s={search_term_string}"},"query-input":{"@type":"PropertyValueSpecification","valueRequired":true,"valueName":"search_term_string"}}],"inLanguage":"es"}]}},"jetpack_sharing_enabled":true,"_links":{"self":[{"href":"https:\/\/www.buba.work\/es\/wp-json\/wp\/v2\/pages\/8","targetHints":{"allow":["GET"]}}],"collection":[{"href":"https:\/\/www.buba.work\/es\/wp-json\/wp\/v2\/pages"}],"about":[{"href":"https:\/\/www.buba.work\/es\/wp-json\/wp\/v2\/types\/page"}],"author":[{"embeddable":true,"href":"https:\/\/www.buba.work\/es\/wp-json\/wp\/v2\/users\/1"}],"replies":[{"embeddable":true,"href":"https:\/\/www.buba.work\/es\/wp-json\/wp\/v2\/comments?post=8"}],"version-history":[{"count":169,"href":"https:\/\/www.buba.work\/es\/wp-json\/wp\/v2\/pages\/8\/revisions"}],"predecessor-version":[{"id":1641,"href":"https:\/\/www.buba.work\/es\/wp-json\/wp\/v2\/pages\/8\/revisions\/1641"}],"wp:featuredmedia":[{"embeddable":true,"href":"https:\/\/www.buba.work\/es\/wp-json\/wp\/v2\/media\/41"}],"wp:attachment":[{"href":"https:\/\/www.buba.work\/es\/wp-json\/wp\/v2\/media?parent=8"}],"curies":[{"name":"wp","href":"https:\/\/api.w.org\/{rel}","templated":true}]}}